{"id":11,"date":"2023-08-30T18:43:19","date_gmt":"2023-08-30T16:43:19","guid":{"rendered":"http:\/\/skqualirenov.com\/?page_id=11"},"modified":"2023-08-31T11:17:13","modified_gmt":"2023-08-31T09:17:13","slug":"a-propos-de","status":"publish","type":"page","link":"https:\/\/skqualirenov.com\/?page_id=11","title":{"rendered":"Notre \u00c9quipe"},"content":{"rendered":"\n<p><\/p>\n\n\n\n<p>Notre \u00e9quipe est compos\u00e9e d&#8217;architectes, de designers d&#8217;int\u00e9rieur, d&#8217;artisans et de professionnels de la construction, tous anim\u00e9s par la passion de cr\u00e9er des espaces exceptionnels. Leur expertise et leur d\u00e9vouement sont les piliers de notre succ\u00e8s et de la satisfaction de nos clients.<\/p>\n\n\n\n<p><\/p>\n","protected":false},"excerpt":{"rendered":"<p>Notre \u00e9quipe est compos\u00e9e d&#8217;architectes, de designers d&#8217;int\u00e9rieur, d&#8217;artisans et de professionnels de la construction, tous anim\u00e9s par la passion de cr\u00e9er des espaces exceptionnels. Leur expertise et leur d\u00e9vouement sont les piliers de notre succ\u00e8s et de la satisfaction de nos clients.<\/p>\n","protected":false},"author":1,"featured_media":47,"parent":0,"menu_order":0,"comment_status":"closed","ping_status":"closed","template":"","meta":{"footnotes":""},"class_list":["post-11","page","type-page","status-publish","has-post-thumbnail","hentry"],"_links":{"self":[{"href":"https:\/\/skqualirenov.com\/index.php?rest_route=\/wp\/v2\/pages\/11","targetHints":{"allow":["GET"]}}],"collection":[{"href":"https:\/\/skqualirenov.com\/index.php?rest_route=\/wp\/v2\/pages"}],"about":[{"href":"https:\/\/skqualirenov.com\/index.php?rest_route=\/wp\/v2\/types\/page"}],"author":[{"embeddable":true,"href":"https:\/\/skqualirenov.com\/index.php?rest_route=\/wp\/v2\/users\/1"}],"replies":[{"embeddable":true,"href":"https:\/\/skqualirenov.com\/index.php?rest_route=%2Fwp%2Fv2%2Fcomments&post=11"}],"version-history":[{"count":3,"href":"https:\/\/skqualirenov.com\/index.php?rest_route=\/wp\/v2\/pages\/11\/revisions"}],"predecessor-version":[{"id":117,"href":"https:\/\/skqualirenov.com\/index.php?rest_route=\/wp\/v2\/pages\/11\/revisions\/117"}],"wp:featuredmedia":[{"embeddable":true,"href":"https:\/\/skqualirenov.com\/index.php?rest_route=\/wp\/v2\/media\/47"}],"wp:attachment":[{"href":"https:\/\/skqualirenov.com\/index.php?rest_route=%2Fwp%2Fv2%2Fmedia&parent=11"}],"curies":[{"name":"wp","href":"https:\/\/api.w.org\/{rel}","templated":true}]}}